{"id":70078,"date":"2024-11-18T14:56:07","date_gmt":"2024-11-18T14:56:07","guid":{"rendered":"https:\/\/www.kesh.al\/legjislacioni\/"},"modified":"2025-04-07T11:06:24","modified_gmt":"2025-04-07T11:06:24","slug":"legislation","status":"publish","type":"page","link":"https:\/\/www.kesh.al\/en\/legislation\/","title":{"rendered":"Legislation"},"content":{"rendered":"\t\t<div data-elementor-type=\"wp-page\" data-elementor-id=\"70078\" class=\"elementor elementor-70078 elementor-47232\" data-elementor-post-type=\"page\">\n\t\t\t\t        <section class=\"elementor-section elementor-top-section elementor-element elementor-element-d4019dd elementor-section-stretched elementor-section-height-min-height pxl-section-overflow-hidden elementor-section-boxed elementor-section-height-default elementor-section-items-middle pxl-row-scroll-none pxl-zoom-point-false pxl-section-fix-none pxl-bg-color-none pxl-section-overlay-none\" data-id=\"d4019dd\" data-element_type=\"section\" data-settings=\"{&quot;stretch_section&quot;:&quot;section-stretched&quot;}\">\n\n                \n        <div class=\"pxl-section-bg-parallax\" data-parallax=\"{&quot;y&quot;:-100}\"><\/div>        <div class=\"elementor-container elementor-column-gap-default \">\n                <div class=\"elementor-column elementor-col-100 elementor-top-column elementor-element elementor-element-75178d6 pxl-column-none pxl-column-overflow-hidden-no\" data-id=\"75178d6\" data-element_type=\"column\">\r\n        <div class=\"elementor-widget-wrap elementor-element-populated\">\r\n                     \r\n        \t\t<div class=\"elementor-element elementor-element-850b9c4 elementor-widget elementor-widget-pxl_heading\" data-id=\"850b9c4\" data-element_type=\"widget\" data-widget_type=\"pxl_heading.default\">\n\t\t\t\t<div class=\"elementor-widget-container\">\n\t\t\t\t\t\n<div id=\"pxl-pxl_heading-850b9c4-5094\" class=\"pxl-heading   \" >\n\t<div class=\"pxl-heading--container\" >\n\t\t<div class=\"pxl-heading--inner\">\n\t\t\t\t\t\t\t\t\t\t<div class=\"pxl-item--subtitle wow zoomInSmall\" data-wow-delay=\"ms\">\n\t\t\t\t\t<a class=\"pxl-item--icon\" href=\"#\">\n\t\t\t\t\t\t<svg xmlns=\"http:\/\/www.w3.org\/2000\/svg\" width=\"32\" height=\"32\" viewBox=\"0 0 32 32\" fill=\"none\"><g id=\"icon_arrow 1\"><rect id=\"Rectangle 4\" width=\"32\" height=\"1\" fill=\"white\"><\/rect><rect id=\"Rectangle 5\" x=\"31\" y=\"32\" width=\"32\" height=\"1\" transform=\"rotate(-90 31 32)\" fill=\"white\"><\/rect><path id=\"Vector 6\" d=\"M2 31L31.5 0.5\" stroke=\"white\"><\/path><\/g><\/svg>\t\t\t\t\t<\/a>\n\t\t\t\t<\/div>\n\t\t\t\t\t\t<h1 class=\"pxl-item--title pxl-heading-default  wow fadeInUp\" data-wow-delay=\"\">\n\t\t\t\t\t\t\t\tLegislation\t\t\t\t\t\n\t\t\t\t\t\t\t<\/h1>\n\t\t<\/div>\n\t\t\n\t<\/div>\n<\/div>\n\t\t\t\t<\/div>\n\t\t\t\t<\/div>\n\t\t\t\t<div class=\"elementor-element elementor-element-9e60e2d elementor-widget elementor-widget-pxl_divider\" data-id=\"9e60e2d\" data-element_type=\"widget\" data-widget_type=\"pxl_divider.default\">\n\t\t\t\t<div class=\"elementor-widget-container\">\n\t\t\t\t\t<div class=\"pxl-divider  pxl-particle-right none none\"><\/div>\t\t\t\t<\/div>\n\t\t\t\t<\/div>\n\t\t\t\t<div class=\"elementor-element elementor-element-b61f795 elementor-align-left elementor-widget elementor-widget-breadcrumbs\" data-id=\"b61f795\" data-element_type=\"widget\" data-widget_type=\"breadcrumbs.default\">\n\t\t\t\t<div class=\"elementor-widget-container\">\n\t\t\t\t\t<p id=\"breadcrumbs\"><span><span><a href=\"https:\/\/www.kesh.al\/en\/\">Home<\/a><\/span><\/span><\/p>\t\t\t\t<\/div>\n\t\t\t\t<\/div>\n\t\t            <\/div>\r\n        <\/div>\r\n        \t\t\t<\/div>\n\t\t<\/section>\n\t\t<div class=\"elementor-element elementor-element-c71ff06 e-flex e-con-boxed e-con e-parent\" data-id=\"c71ff06\" data-element_type=\"container\">\n\t\t\t\t\t<div class=\"e-con-inner\">\n\t\t\t\t<div class=\"elementor-element elementor-element-a222893 elementor-widget elementor-widget-shortcode\" data-id=\"a222893\" data-element_type=\"widget\" data-widget_type=\"shortcode.default\">\n\t\t\t\t<div class=\"elementor-widget-container\">\n\t\t\t\t\t\t\t<div class=\"elementor-shortcode\">    <style>\n        .dokumente-grid {\n            display: grid;\n            grid-template-columns: repeat(auto-fill, minmax(300px, 1fr));\n            gap: 20px;\n            padding: 20px;\n        }\n\n        .dokumente-grid svg *,\n        #dokumente-load-more svg * {\n            stroke-width: 2px;\n        }\n\n        .dokumente-card:hover {\n            box-shadow: 0px 3px 34px 5px #B4D0D0;\n        }\n\n        .dokumente-card {\n            border-radius: 20px;\n            text-align: center;\n            transition: box-shadow 0.3s ease;\n            box-shadow: 0px 3px 32px 4px #E0F2F2;\n            padding: 25px;\n            border: 1px solid #D9D9D9;\n            background-image: linear-gradient(rgb(255 255 255 \/ 65%), rgb(255 255 255 \/ 65%)), url(https:\/\/kesh2v.evolvestudio.xyz\/wp-content\/uploads\/2024\/10\/SRV-1-BG-2.webp);\n            background-repeat: no-repeat;\n            background-position: center center;\n            background-size: cover;\n            display: flex;\n            flex-direction: column;\n            align-items: flex-start;\n            justify-content: space-around;\n            height: 233px;\n        }\n\n\n        .dokumente-icon img {\n            width: 40px;\n            height: 40px;\n            margin-bottom: 10px;\n        }\n\n        .dokumente-title {\n            font-size: 18px !important;\n            font-weight: 600 !important;\n            line-height: 26px !important;\n            text-align: left;\n            overflow: hidden;\n            text-overflow: ellipsis;\n            display: -webkit-box;\n            -webkit-line-clamp: 2;\n            -webkit-box-orient: vertical;\n        }\n\n        .dokumente-pdf {\n            font-size: 14px;\n            border-radius: 20px;\n            border: 1px solid black;\n            color: #20282D;\n            padding: 12px 22px;\n            line-height: 1;\n            text-decoration: none;\n            margin-top: 10px;\n        }\n\n        .dokumente-pdf span {\n            margin-left: 7px;\n        }\n\n        .dokumente-pdf:hover {\n            background-color: var(--e-global-color-primary);\n            color: #FFFFFF;\n        }\n\n        .dokumente-pdf:hover svg * {\n            fill: #fff;\n            stroke: #fff;\n        }\n\n        #load-more-dokumente {\n            font-size: 14px;\n            border-radius: 20px;\n            border: 1px solid black;\n            color: #20282D;\n            padding: 12px 22px;\n            line-height: 1;\n        }\n\n        #load-more-dokumente svg {\n            transform: rotate(90deg);\n            margin-left: 7px;\n        }\n\n        #load-more-dokumente:hover {\n            background-color: var(--e-global-color-primary);\n            color: #FFFFFF;\n        }\n\n        #load-more-dokumente:hover svg * {\n            fill: #fff;\n            stroke: #fff;\n        }\n    <\/style>\n    <div id=\"dokumente-container\" class=\"dokumente-grid\"><div class=\"dokumente-card\"><div class=\"dokumente-icon\"><img decoding=\"async\" src=\"https:\/\/kesh2v.evolvestudio.xyz\/wp-content\/uploads\/2024\/10\/pdf-file-format_15266827-1.svg\" alt=\"Default PDF Icon\"><\/div><h3 class=\"dokumente-title\">Ligji Nr. 9901, dat\u00eb 14.04.2008 \u201cP\u00ebr Tregtar\u00ebt dhe Shoq\u00ebrit\u00eb Tregtare\u201d<\/h3><a class=\"dokumente-pdf\" href=\"https:\/\/www.kesh.al\/wp-content\/uploads\/2024\/11\/ligj-2014-10-02-129-1.pdf\" target=\"_blank\">View the PDF<span><svg xmlns=\"http:\/\/www.w3.org\/2000\/svg\" width=\"12\" height=\"12\" viewBox=\"0 0 32 32\" fill=\"#000\"><g id=\"icon_arrow 1\"><rect id=\"Rectangle 4\" width=\"32\" height=\"1\" fill=\"#000\"\/><rect id=\"Rectangle 5\" x=\"31\" y=\"32\" width=\"32\" height=\"1\" transform=\"rotate(-90 31 32)\" fill=\"#000\"\/><path id=\"Vector 6\" d=\"M2 31L31.5 0.5\" stroke=\"#000\"\/><\/g><\/svg><\/span><\/a><\/div><div class=\"dokumente-card\"><div class=\"dokumente-icon\"><img decoding=\"async\" src=\"https:\/\/kesh2v.evolvestudio.xyz\/wp-content\/uploads\/2024\/10\/pdf-file-format_15266827-1.svg\" alt=\"Default PDF Icon\"><\/div><h3 class=\"dokumente-title\">Ligji Nr. 124\/2015 \u201cP\u00ebr Efi\u00e7enc\u00ebn e Energjis\u00eb\u201d<\/h3><a class=\"dokumente-pdf\" href=\"https:\/\/www.kesh.al\/wp-content\/uploads\/2024\/11\/3-Nr.-124-2015-Per-eficensen-e-energjise.pdf\" target=\"_blank\">View the PDF<span><svg xmlns=\"http:\/\/www.w3.org\/2000\/svg\" width=\"12\" height=\"12\" viewBox=\"0 0 32 32\" fill=\"#000\"><g id=\"icon_arrow 1\"><rect id=\"Rectangle 4\" width=\"32\" height=\"1\" fill=\"#000\"\/><rect id=\"Rectangle 5\" x=\"31\" y=\"32\" width=\"32\" height=\"1\" transform=\"rotate(-90 31 32)\" fill=\"#000\"\/><path id=\"Vector 6\" d=\"M2 31L31.5 0.5\" stroke=\"#000\"\/><\/g><\/svg><\/span><\/a><\/div><div class=\"dokumente-card\"><div class=\"dokumente-icon\"><img decoding=\"async\" src=\"https:\/\/kesh2v.evolvestudio.xyz\/wp-content\/uploads\/2024\/10\/pdf-file-format_15266827-1.svg\" alt=\"Default PDF Icon\"><\/div><h3 class=\"dokumente-title\">Ligji Nr. 119\/2014 \u201cP\u00ebr t\u00eb Drejt\u00ebn e Informimit\u201d<\/h3><a class=\"dokumente-pdf\" href=\"https:\/\/www.kesh.al\/wp-content\/uploads\/2024\/11\/4-Ligj-119-2014-Per-te-Drejten-e-Informimit.pdf\" target=\"_blank\">View the PDF<span><svg xmlns=\"http:\/\/www.w3.org\/2000\/svg\" width=\"12\" height=\"12\" viewBox=\"0 0 32 32\" fill=\"#000\"><g id=\"icon_arrow 1\"><rect id=\"Rectangle 4\" width=\"32\" height=\"1\" fill=\"#000\"\/><rect id=\"Rectangle 5\" x=\"31\" y=\"32\" width=\"32\" height=\"1\" transform=\"rotate(-90 31 32)\" fill=\"#000\"\/><path id=\"Vector 6\" d=\"M2 31L31.5 0.5\" stroke=\"#000\"\/><\/g><\/svg><\/span><\/a><\/div><div class=\"dokumente-card\"><div class=\"dokumente-icon\"><img decoding=\"async\" src=\"https:\/\/kesh2v.evolvestudio.xyz\/wp-content\/uploads\/2024\/10\/pdf-file-format_15266827-1.svg\" alt=\"Default PDF Icon\"><\/div><h3 class=\"dokumente-title\">Ligji Nr. 9887, dat\u00eb 10.03.2008 \u201cP\u00ebr Mbrojtjen e t\u00eb Dh\u00ebnave Personale\u201d i ndryshuar<\/h3><a class=\"dokumente-pdf\" href=\"https:\/\/www.kesh.al\/wp-content\/uploads\/2024\/11\/5-Ligji_9887_date_10_-03_2008_i_ndryshuar-Per-Mbrojtjen-e-te-dhenave-personale.pdf\" target=\"_blank\">View the PDF<span><svg xmlns=\"http:\/\/www.w3.org\/2000\/svg\" width=\"12\" height=\"12\" viewBox=\"0 0 32 32\" fill=\"#000\"><g id=\"icon_arrow 1\"><rect id=\"Rectangle 4\" width=\"32\" height=\"1\" fill=\"#000\"\/><rect id=\"Rectangle 5\" x=\"31\" y=\"32\" width=\"32\" height=\"1\" transform=\"rotate(-90 31 32)\" fill=\"#000\"\/><path id=\"Vector 6\" d=\"M2 31L31.5 0.5\" stroke=\"#000\"\/><\/g><\/svg><\/span><\/a><\/div><\/div><\/div>\n\t\t\t\t\t\t<\/div>\n\t\t\t\t<\/div>\n\t\t\t\t\t<\/div>\n\t\t\t\t<\/div>\n\t\t\t\t<\/div>\n\t\t","protected":false},"excerpt":{"rendered":"<p>Legjislacioni<\/p>\n","protected":false},"author":1,"featured_media":0,"parent":0,"menu_order":0,"comment_status":"closed","ping_status":"closed","template":"","meta":{"_acf_changed":false,"inline_featured_image":false,"pgc_sgb_lightbox_settings":"","footnotes":""},"class_list":["post-70078","page","type-page","status-publish","hentry"],"acf":[],"yoast_head":"<!-- This site is optimized with the Yoast SEO plugin v27.4 - https:\/\/yoast.com\/product\/yoast-seo-wordpress\/ -->\n<title>Legislation | KESH<\/title>\n<meta name=\"robots\" content=\"index, follow, max-snippet:-1, max-image-preview:large, max-video-preview:-1\" \/>\n<link rel=\"canonical\" href=\"https:\/\/www.kesh.al\/en\/legislation\/\" \/>\n<meta property=\"og:locale\" content=\"en_US\" \/>\n<meta property=\"og:type\" content=\"article\" \/>\n<meta property=\"og:title\" content=\"Legislation | KESH\" \/>\n<meta property=\"og:description\" content=\"Legjislacioni\" \/>\n<meta property=\"og:url\" content=\"https:\/\/www.kesh.al\/en\/legislation\/\" \/>\n<meta property=\"og:site_name\" content=\"KESH\" \/>\n<meta property=\"article:publisher\" content=\"https:\/\/www.facebook.com\/Korporata.Elektroenergjitike.Shqiptare\" \/>\n<meta property=\"article:modified_time\" content=\"2025-04-07T11:06:24+00:00\" \/>\n<meta property=\"og:image\" content=\"https:\/\/www.kesh.al\/wp-content\/uploads\/2024\/10\/kesh-news.webp\" \/>\n\t<meta property=\"og:image:width\" content=\"800\" \/>\n\t<meta property=\"og:image:height\" content=\"800\" \/>\n\t<meta property=\"og:image:type\" content=\"image\/webp\" \/>\n<meta name=\"twitter:card\" content=\"summary_large_image\" \/>\n<meta name=\"twitter:label1\" content=\"Est. reading time\" \/>\n\t<meta name=\"twitter:data1\" content=\"1 minute\" \/>\n<script type=\"application\/ld+json\" class=\"yoast-schema-graph\">{\"@context\":\"https:\\\/\\\/schema.org\",\"@graph\":[{\"@type\":\"WebPage\",\"@id\":\"https:\\\/\\\/www.kesh.al\\\/en\\\/legislation\\\/\",\"url\":\"https:\\\/\\\/www.kesh.al\\\/en\\\/legislation\\\/\",\"name\":\"Legislation | KESH\",\"isPartOf\":{\"@id\":\"https:\\\/\\\/www.kesh.al\\\/#website\"},\"datePublished\":\"2024-11-18T14:56:07+00:00\",\"dateModified\":\"2025-04-07T11:06:24+00:00\",\"breadcrumb\":{\"@id\":\"https:\\\/\\\/www.kesh.al\\\/en\\\/legislation\\\/#breadcrumb\"},\"inLanguage\":\"en-US\",\"potentialAction\":[{\"@type\":\"ReadAction\",\"target\":[\"https:\\\/\\\/www.kesh.al\\\/en\\\/legislation\\\/\"]}]},{\"@type\":\"BreadcrumbList\",\"@id\":\"https:\\\/\\\/www.kesh.al\\\/en\\\/legislation\\\/#breadcrumb\",\"itemListElement\":[{\"@type\":\"ListItem\",\"position\":1,\"name\":\"Home\",\"item\":\"https:\\\/\\\/www.kesh.al\\\/en\\\/\"},{\"@type\":\"ListItem\",\"position\":2,\"name\":\"Legislation\"}]},{\"@type\":\"WebSite\",\"@id\":\"https:\\\/\\\/www.kesh.al\\\/#website\",\"url\":\"https:\\\/\\\/www.kesh.al\\\/\",\"name\":\"KESH\",\"description\":\"Korporata Elektroenergjitike Shqiptare\",\"publisher\":{\"@id\":\"https:\\\/\\\/www.kesh.al\\\/#organization\"},\"alternateName\":\"Korporata Elektroenergjitike Shqiptare\",\"potentialAction\":[{\"@type\":\"SearchAction\",\"target\":{\"@type\":\"EntryPoint\",\"urlTemplate\":\"https:\\\/\\\/www.kesh.al\\\/?s={search_term_string}\"},\"query-input\":{\"@type\":\"PropertyValueSpecification\",\"valueRequired\":true,\"valueName\":\"search_term_string\"}}],\"inLanguage\":\"en-US\"},{\"@type\":\"Organization\",\"@id\":\"https:\\\/\\\/www.kesh.al\\\/#organization\",\"name\":\"Korporata Elektroenergjitike Shqiptare\",\"url\":\"https:\\\/\\\/www.kesh.al\\\/\",\"logo\":{\"@type\":\"ImageObject\",\"inLanguage\":\"en-US\",\"@id\":\"https:\\\/\\\/www.kesh.al\\\/#\\\/schema\\\/logo\\\/image\\\/\",\"url\":\"https:\\\/\\\/www.kesh.al\\\/wp-content\\\/uploads\\\/2024\\\/03\\\/Kesh-Logo-Color.svg-23.svg\",\"contentUrl\":\"https:\\\/\\\/www.kesh.al\\\/wp-content\\\/uploads\\\/2024\\\/03\\\/Kesh-Logo-Color.svg-23.svg\",\"width\":2722,\"height\":459,\"caption\":\"Korporata Elektroenergjitike Shqiptare\"},\"image\":{\"@id\":\"https:\\\/\\\/www.kesh.al\\\/#\\\/schema\\\/logo\\\/image\\\/\"},\"sameAs\":[\"https:\\\/\\\/www.facebook.com\\\/Korporata.Elektroenergjitike.Shqiptare\",\"https:\\\/\\\/www.linkedin.com\\\/uas\\\/login?session_redirect=httpswww.linkedin.comcompany94710006adminfeedposts\",\"https:\\\/\\\/www.instagram.com\\\/kesh_sh.a\\\/?igsh=MXZyeGlqend5NWgwYg&utm_source=qr\",\"https:\\\/\\\/www.youtube.com\\\/channel\\\/UCcmB7WcZnV3La0rowWcHTIA\"]}]}<\/script>\n<!-- \/ Yoast SEO plugin. -->","yoast_head_json":{"title":"Legislation | KESH","robots":{"index":"index","follow":"follow","max-snippet":"max-snippet:-1","max-image-preview":"max-image-preview:large","max-video-preview":"max-video-preview:-1"},"canonical":"https:\/\/www.kesh.al\/en\/legislation\/","og_locale":"en_US","og_type":"article","og_title":"Legislation | KESH","og_description":"Legjislacioni","og_url":"https:\/\/www.kesh.al\/en\/legislation\/","og_site_name":"KESH","article_publisher":"https:\/\/www.facebook.com\/Korporata.Elektroenergjitike.Shqiptare","article_modified_time":"2025-04-07T11:06:24+00:00","og_image":[{"width":800,"height":800,"url":"https:\/\/www.kesh.al\/wp-content\/uploads\/2024\/10\/kesh-news.webp","type":"image\/webp"}],"twitter_card":"summary_large_image","twitter_misc":{"Est. reading time":"1 minute"},"schema":{"@context":"https:\/\/schema.org","@graph":[{"@type":"WebPage","@id":"https:\/\/www.kesh.al\/en\/legislation\/","url":"https:\/\/www.kesh.al\/en\/legislation\/","name":"Legislation | KESH","isPartOf":{"@id":"https:\/\/www.kesh.al\/#website"},"datePublished":"2024-11-18T14:56:07+00:00","dateModified":"2025-04-07T11:06:24+00:00","breadcrumb":{"@id":"https:\/\/www.kesh.al\/en\/legislation\/#breadcrumb"},"inLanguage":"en-US","potentialAction":[{"@type":"ReadAction","target":["https:\/\/www.kesh.al\/en\/legislation\/"]}]},{"@type":"BreadcrumbList","@id":"https:\/\/www.kesh.al\/en\/legislation\/#breadcrumb","itemListElement":[{"@type":"ListItem","position":1,"name":"Home","item":"https:\/\/www.kesh.al\/en\/"},{"@type":"ListItem","position":2,"name":"Legislation"}]},{"@type":"WebSite","@id":"https:\/\/www.kesh.al\/#website","url":"https:\/\/www.kesh.al\/","name":"KESH","description":"Korporata Elektroenergjitike Shqiptare","publisher":{"@id":"https:\/\/www.kesh.al\/#organization"},"alternateName":"Korporata Elektroenergjitike Shqiptare","potentialAction":[{"@type":"SearchAction","target":{"@type":"EntryPoint","urlTemplate":"https:\/\/www.kesh.al\/?s={search_term_string}"},"query-input":{"@type":"PropertyValueSpecification","valueRequired":true,"valueName":"search_term_string"}}],"inLanguage":"en-US"},{"@type":"Organization","@id":"https:\/\/www.kesh.al\/#organization","name":"Korporata Elektroenergjitike Shqiptare","url":"https:\/\/www.kesh.al\/","logo":{"@type":"ImageObject","inLanguage":"en-US","@id":"https:\/\/www.kesh.al\/#\/schema\/logo\/image\/","url":"https:\/\/www.kesh.al\/wp-content\/uploads\/2024\/03\/Kesh-Logo-Color.svg-23.svg","contentUrl":"https:\/\/www.kesh.al\/wp-content\/uploads\/2024\/03\/Kesh-Logo-Color.svg-23.svg","width":2722,"height":459,"caption":"Korporata Elektroenergjitike Shqiptare"},"image":{"@id":"https:\/\/www.kesh.al\/#\/schema\/logo\/image\/"},"sameAs":["https:\/\/www.facebook.com\/Korporata.Elektroenergjitike.Shqiptare","https:\/\/www.linkedin.com\/uas\/login?session_redirect=httpswww.linkedin.comcompany94710006adminfeedposts","https:\/\/www.instagram.com\/kesh_sh.a\/?igsh=MXZyeGlqend5NWgwYg&utm_source=qr","https:\/\/www.youtube.com\/channel\/UCcmB7WcZnV3La0rowWcHTIA"]}]}},"_links":{"self":[{"href":"https:\/\/www.kesh.al\/en\/wp-json\/wp\/v2\/pages\/70078","targetHints":{"allow":["GET"]}}],"collection":[{"href":"https:\/\/www.kesh.al\/en\/wp-json\/wp\/v2\/pages"}],"about":[{"href":"https:\/\/www.kesh.al\/en\/wp-json\/wp\/v2\/types\/page"}],"author":[{"embeddable":true,"href":"https:\/\/www.kesh.al\/en\/wp-json\/wp\/v2\/users\/1"}],"replies":[{"embeddable":true,"href":"https:\/\/www.kesh.al\/en\/wp-json\/wp\/v2\/comments?post=70078"}],"version-history":[{"count":1,"href":"https:\/\/www.kesh.al\/en\/wp-json\/wp\/v2\/pages\/70078\/revisions"}],"predecessor-version":[{"id":70079,"href":"https:\/\/www.kesh.al\/en\/wp-json\/wp\/v2\/pages\/70078\/revisions\/70079"}],"wp:attachment":[{"href":"https:\/\/www.kesh.al\/en\/wp-json\/wp\/v2\/media?parent=70078"}],"curies":[{"name":"wp","href":"https:\/\/api.w.org\/{rel}","templated":true}]}}