{"id":69983,"date":"2024-10-29T10:48:48","date_gmt":"2024-10-29T10:48:48","guid":{"rendered":"https:\/\/www.kesh.al\/sociale\/"},"modified":"2025-04-22T09:48:42","modified_gmt":"2025-04-22T09:48:42","slug":"sociale","status":"publish","type":"page","link":"https:\/\/www.kesh.al\/en\/sociale\/","title":{"rendered":"Social"},"content":{"rendered":"\t\t<div data-elementor-type=\"wp-page\" data-elementor-id=\"69983\" class=\"elementor elementor-69983 elementor-34589\" data-elementor-post-type=\"page\">\n\t\t\t\t        <section class=\"elementor-section elementor-top-section elementor-element elementor-element-ece981c elementor-section-stretched elementor-section-height-min-height pxl-section-overflow-hidden elementor-section-boxed elementor-section-height-default elementor-section-items-middle pxl-row-scroll-none pxl-zoom-point-false pxl-section-fix-none pxl-bg-color-none pxl-section-overlay-none\" data-id=\"ece981c\" data-element_type=\"section\" data-settings=\"{&quot;stretch_section&quot;:&quot;section-stretched&quot;}\">\n\n                \n        <div class=\"pxl-section-bg-parallax\" data-parallax=\"{&quot;y&quot;:-100}\"><\/div>        <div class=\"elementor-container elementor-column-gap-default \">\n                <div class=\"elementor-column elementor-col-100 elementor-top-column elementor-element elementor-element-22dcf82 pxl-column-none pxl-column-overflow-hidden-no\" data-id=\"22dcf82\" data-element_type=\"column\">\r\n        <div class=\"elementor-widget-wrap elementor-element-populated\">\r\n                     \r\n        \t\t<div class=\"elementor-element elementor-element-97b4e0b elementor-widget elementor-widget-pxl_heading\" data-id=\"97b4e0b\" data-element_type=\"widget\" data-widget_type=\"pxl_heading.default\">\n\t\t\t\t<div class=\"elementor-widget-container\">\n\t\t\t\t\t\n<div id=\"pxl-pxl_heading-97b4e0b-5388\" class=\"pxl-heading   \" >\n\t<div class=\"pxl-heading--container\" >\n\t\t<div class=\"pxl-heading--inner\">\n\t\t\t\t\t\t\t\t\t\t<div class=\"pxl-item--subtitle wow zoomInSmall\" data-wow-delay=\"ms\">\n\t\t\t\t\t<a class=\"pxl-item--icon\" href=\"#\">\n\t\t\t\t\t\t<svg xmlns=\"http:\/\/www.w3.org\/2000\/svg\" width=\"32\" height=\"32\" viewBox=\"0 0 32 32\" fill=\"none\"><g id=\"icon_arrow 1\"><rect id=\"Rectangle 4\" width=\"32\" height=\"1\" fill=\"white\"><\/rect><rect id=\"Rectangle 5\" x=\"31\" y=\"32\" width=\"32\" height=\"1\" transform=\"rotate(-90 31 32)\" fill=\"white\"><\/rect><path id=\"Vector 6\" d=\"M2 31L31.5 0.5\" stroke=\"white\"><\/path><\/g><\/svg>\t\t\t\t\t<\/a>\n\t\t\t\t<\/div>\n\t\t\t\t\t\t<h1 class=\"pxl-item--title pxl-heading-default  wow fadeInUp\" data-wow-delay=\"\">\n\t\t\t\t\t\t\t\tSocial\t\t\t\t\t\n\t\t\t\t\t\t\t<\/h1>\n\t\t<\/div>\n\t\t\n\t<\/div>\n<\/div>\n\t\t\t\t<\/div>\n\t\t\t\t<\/div>\n\t\t\t\t<div class=\"elementor-element elementor-element-7a013b9 elementor-widget elementor-widget-pxl_divider\" data-id=\"7a013b9\" data-element_type=\"widget\" data-widget_type=\"pxl_divider.default\">\n\t\t\t\t<div class=\"elementor-widget-container\">\n\t\t\t\t\t<div class=\"pxl-divider  pxl-particle-right none none\"><\/div>\t\t\t\t<\/div>\n\t\t\t\t<\/div>\n\t\t\t\t<div class=\"elementor-element elementor-element-7bc5772 elementor-align-left elementor-widget elementor-widget-breadcrumbs\" data-id=\"7bc5772\" data-element_type=\"widget\" data-widget_type=\"breadcrumbs.default\">\n\t\t\t\t<div class=\"elementor-widget-container\">\n\t\t\t\t\t<p id=\"breadcrumbs\"><span><span><a href=\"https:\/\/www.kesh.al\/en\/\">Home<\/a><\/span><\/span><\/p>\t\t\t\t<\/div>\n\t\t\t\t<\/div>\n\t\t            <\/div>\r\n        <\/div>\r\n        \t\t\t<\/div>\n\t\t<\/section>\n\t\t<div class=\"elementor-element elementor-element-fa6985d pxl-section-offset-left pxl-container-width-container-1640 e-flex e-con-boxed e-con e-parent\" data-id=\"fa6985d\" data-element_type=\"container\">\n\t\t\t\t\t<div class=\"e-con-inner\">\n\t\t<div class=\"elementor-element elementor-element-901d9db e-flex e-con-boxed e-con e-child\" data-id=\"901d9db\" data-element_type=\"container\">\n\t\t\t\t\t<div class=\"e-con-inner\">\n\t\t\t\t<div class=\"elementor-element elementor-element-fe345b2 elementor-view-default elementor-widget elementor-widget-icon\" data-id=\"fe345b2\" data-element_type=\"widget\" data-widget_type=\"icon.default\">\n\t\t\t\t<div class=\"elementor-widget-container\">\n\t\t\t\t\t\t\t<div class=\"elementor-icon-wrapper\">\n\t\t\t<div class=\"elementor-icon\">\n\t\t\t<svg xmlns=\"http:\/\/www.w3.org\/2000\/svg\" width=\"92\" height=\"92\" viewBox=\"0 0 92 92\" fill=\"none\"><path id=\"Vector\" d=\"M64.6892 54.1856L82.8772 72.364L72.2834 82.9578L54.0951 64.7792L53.2416 63.9262V65.1329V90.8403H38.2683V65.1329V63.9262L37.4149 64.7792L19.2266 82.9578L8.63275 72.364L26.8208 54.1856L27.6749 53.332H26.4674H0.75V38.3487H26.4674H27.6749L26.8208 37.495L8.63275 19.3167L19.2266 8.72286L37.4149 26.9014L38.2683 27.7544V26.5478V0.840332H53.2416V26.5478V27.7544L54.0951 26.9014L72.2834 8.72287L82.8772 19.3167L64.6892 37.495L63.8351 38.3487H65.0426H90.7599V53.332H65.0426H63.8351L64.6892 54.1856Z\" stroke=\"#223035\"><\/path><\/svg>\t\t\t<\/div>\n\t\t<\/div>\n\t\t\t\t\t\t<\/div>\n\t\t\t\t<\/div>\n\t\t\t\t<div class=\"elementor-element elementor-element-b3a2c7b elementor-widget elementor-widget-pxl_divider\" data-id=\"b3a2c7b\" data-element_type=\"widget\" data-widget_type=\"pxl_divider.default\">\n\t\t\t\t<div class=\"elementor-widget-container\">\n\t\t\t\t\t<div class=\"pxl-divider  pxl-particle-right none none\"><\/div>\t\t\t\t<\/div>\n\t\t\t\t<\/div>\n\t\t\t\t<div class=\"elementor-element elementor-element-a5493fd elementor-widget elementor-widget-pxl_text_editor\" data-id=\"a5493fd\" data-element_type=\"widget\" data-widget_type=\"pxl_text_editor.default\">\n\t\t\t\t<div class=\"elementor-widget-container\">\n\t\t\t\t\t<div class=\"pxl-text-editor\">\n\t<div class=\"pxl-item--inner    \" data-wow-delay=\"ms\">\n\t\t<p><strong>SOCIAL<\/strong><\/p><p>The Albanian Power Corporation (KESH sh.a.), the main electricity producer in the country, is and remains committed to the rational and sustainable use of existing resources and the utilization of new and renewable energy sources, while ensuring environmental integrity and protection for the community and future generations in all aspects of its operations.<\/p>\t\t\n\t<\/div>\n<\/div>\t\t\t\t<\/div>\n\t\t\t\t<\/div>\n\t\t\t\t<div class=\"elementor-element elementor-element-7d27182 elementor-widget elementor-widget-pxl_accordion\" data-id=\"7d27182\" data-element_type=\"widget\" data-widget_type=\"pxl_accordion.default\">\n\t\t\t\t<div class=\"elementor-widget-container\">\n\t\t\t\t\t    <div class=\"pxl-accordion pxl-accordion1 pxl-accordion-style-default  \" data-wow-delay=\"ms\">\r\n                    <div class=\"pxl--item \">\r\n                <h5 class=\"pxl-accordion--title\" data-target=\"#pxl_accordion-7d27182-2547-17450f2\">\r\n                                        <span class=\"pxl-title--text\">In line with the principles of the Environmental Management System, according to the international standard ISO 14001, KESH follows its environmental and social policy as outlined below:<\/span>\r\n                    <span class=\"pxl-icon--action \"><\/i><\/span>\r\n                <\/h5>\r\n                <div id=\"pxl_accordion-7d27182-2547-17450f2\" class=\"pxl-accordion--content pxl-p3\" >\u25cf Aktivitetet n\u00eb nj\u00ebsit\u00eb e KESH-it duhet t\u00eb jen\u00eb n\u00eb p\u00ebrputhje me ligjet, rregulloret dhe k\u00ebrkesat e tjera mjedisore t\u00eb aplikueshme t\u00eb Republik\u00ebs s\u00eb Shqip\u00ebris\u00eb.<br \/>\n\u25cf KESH menaxhon n\u00eb m\u00ebnyr\u00eb rigoroze impaktet n\u00eb mjedis dhe sh\u00ebndetin e punonj\u00ebsve p\u00ebr nj\u00eb zhvillim t\u00eb q\u00ebndruesh\u00ebm t\u00eb performanc\u00ebs s\u00eb tij social mjedisore: \u2013 duke parandaluar shkarkimin e substancave q\u00eb d\u00ebmtojn\u00eb mjedisin (tok\u00eb, aj\u00ebr dhe uj\u00eb); \u2013 duke minimizuar ndotjet dhe reduktuar ato q\u00eb n\u00eb burim si dhe mund\u00ebsin\u00eb p\u00ebr riciklim t\u00eb tyre; \u2013 duke p\u00ebrmir\u00ebsuar burimet ekzistuese n\u00ebp\u00ebrmjet planifikimit e shfryt\u00ebzimit t\u00eb kujdessh\u00ebm dhe krijimin e burimeve t\u00eb reja gjeneruese; \u2013 duke mb\u00ebshtetur inovacionin teknologjik p\u00ebr t\u00eb zbutur impaktet mjedisore gjat\u00eb aktiviteteve t\u00eb veta.<br \/>\n\u25cf KESH i kushton kujdes t\u00eb ve\u00e7ant\u00eb monitorimit dhe kontrollit t\u00eb impakteve gjat\u00eb aktiviteteve prodhuese n\u00eb nj\u00ebsit\u00eb e saj t\u00eb prodhimit.<br \/>\n\u25cf KESH trajnon punonj\u00ebsit me q\u00ebllim nd\u00ebrgjegj\u00ebsimin p\u00ebr mbrojtjen e mjedisit dhe sh\u00ebndetit dhe merr masat e nevojshme q\u00eb t\u00eb siguroj\u00eb q\u00eb \u00e7do punonj\u00ebs i korporat\u00ebs t\u00eb zbatoj\u00eb normat e rregullat ligjore p\u00ebr sigurin\u00eb n\u00eb pun\u00eb gjat\u00eb aktiviteteve n\u00eb nj\u00eb nj\u00ebsi.<br \/>\n\u25cf KESH siguron transparenc\u00ebn dhe informimin e komunitetit lokal dhe shoq\u00ebris\u00eb civile p\u00ebr vler\u00ebsimet social mjedisore t\u00eb investimeve t\u00eb reja me fondet e veta apo t\u00eb huaja.<br \/>\n\u25cf \u00c7do punonj\u00ebs i korporat\u00ebs \u00ebsht\u00eb p\u00ebrgjegj\u00ebs p\u00ebr zbatimin e parimeve t\u00eb p\u00ebrgjithshme t\u00eb k\u00ebsaj politike dhe p\u00ebr arritjen e rezultateve konkrete n\u00eb menaxhimin p\u00ebr mbrojtjen e mjedisit.<br \/>\n\u25cf KESH mbetet i angazhuar p\u00ebr bashk\u00ebpunim me institucione, apo kompani t\u00eb tjera p\u00ebr zbatimin e praktikave m\u00eb t\u00eb mira p\u00ebr mbrojtjen e mjedisit.<\/div>\r\n            <\/div>\r\n            <\/div>\r\n\t\t\t\t<\/div>\n\t\t\t\t<\/div>\n\t\t\t\t<div class=\"elementor-element elementor-element-e8f8c0a elementor-widget elementor-widget-pxl_text_editor\" data-id=\"e8f8c0a\" data-element_type=\"widget\" data-widget_type=\"pxl_text_editor.default\">\n\t\t\t\t<div class=\"elementor-widget-container\">\n\t\t\t\t\t<div class=\"pxl-text-editor\">\n\t<div class=\"pxl-item--inner    \" data-wow-delay=\"ms\">\n\t\t<ul><li>Activities in KESH units must comply with the laws, regulations, and other applicable environmental requirements of the Republic of Albania.<\/li><li>KESH rigorously manages the environmental impacts and the health of its employees for the sustainable development of its environmental and social performance: \u2013 by preventing the release of harmful substances into the environment (soil, air, and water); \u2013 by minimizing pollution and reducing it at the source, along with the possibility for recycling; \u2013 by improving existing resources through careful planning and the creation of new generation resources; \u2013 by supporting technological innovation to mitigate environmental impacts during its activities.<\/li><li>KESH pays special attention to monitoring and controlling impacts during its production activities in its production units.<\/li><li>KESH trains its employees to raise awareness about environmental protection and health and takes necessary measures to ensure that each employee adheres to the legal safety norms and regulations during activities in any unit.<\/li><li>KESH ensures transparency and informs the local community and civil society about the environmental and social assessments of new investments, whether funded by its own funds or external sources.<\/li><li>Every employee of the corporation is responsible for implementing the general principles of this policy and for achieving concrete results in environmental protection management.<\/li><li>KESH remains committed to cooperating with institutions or other companies to implement best practices for environmental protection.<\/li><\/ul><p>\u00a0<\/p><p>KESH operates according to environmental management practices in a way that minimizes impacts, prioritizing procedures for the efficient use of energy through informative and educational materials to raise awareness among the community and future generations.<\/p>\t\t\n\t<\/div>\n<\/div>\t\t\t\t<\/div>\n\t\t\t\t<\/div>\n\t\t\t\t<div class=\"elementor-element elementor-element-b18e3ab elementor-icon-list--layout-traditional elementor-list-item-link-full_width elementor-widget elementor-widget-icon-list\" data-id=\"b18e3ab\" data-element_type=\"widget\" data-widget_type=\"icon-list.default\">\n\t\t\t\t<div class=\"elementor-widget-container\">\n\t\t\t\t\t\t\t<ul class=\"elementor-icon-list-items\">\n\t\t\t\t\t\t\t<li class=\"elementor-icon-list-item\">\n\t\t\t\t\t\t\t\t\t\t\t<a href=\"https:\/\/www.kesh.al\/wp-content\/uploads\/2025\/04\/VIEW36.pdf\">\n\n\t\t\t\t\t\t\t\t\t\t\t\t<span class=\"elementor-icon-list-icon\">\n\t\t\t\t\t\t\t<svg xmlns=\"http:\/\/www.w3.org\/2000\/svg\" id=\"Master_Line\" height=\"512\" viewBox=\"0 0 512 512\" width=\"512\"><g><path d=\"m85.04 60.51c1.93 0 3.5-1.57 3.5-3.5v-26.76c0-5.93 4.82-10.75 10.75-10.75h244.91v61.51c0 9.79 7.96 17.75 17.75 17.75h65.01c1.42 0 2.69-.85 3.23-2.16s.24-2.81-.76-3.81l-79.26-79.26c-.67-.67-1.56-1.02-2.47-1.02 0 0-248.42-.01-248.42-.01-9.79 0-17.75 7.96-17.75 17.75v26.76c.01 1.93 1.58 3.5 3.51 3.5zm266.16-36.06 67.31 67.31h-56.56c-5.92 0-10.75-4.82-10.75-10.75z\"><\/path><path d=\"m426.96 115.99c-1.93 0-3.5 1.57-3.5 3.5v362.26c0 5.93-4.82 10.75-10.75 10.75h-311.9c-6.76 0-12.26-5.5-12.26-12.26v-294.56c0-1.93-1.57-3.5-3.5-3.5s-3.5 1.57-3.5 3.5v294.56c0 10.62 8.64 19.26 19.26 19.26h311.9c9.79 0 17.75-7.96 17.75-17.75v-362.26c0-1.93-1.57-3.5-3.5-3.5z\"><\/path><path d=\"m168.61 251.9h-30.7c-1.93 0-3.5 1.57-3.5 3.5s1.57 3.5 3.5 3.5h30.7c1.93 0 3.5-1.57 3.5-3.5s-1.57-3.5-3.5-3.5z\"><\/path><path d=\"m371.78 251.9h-170.41c-1.93 0-3.5 1.57-3.5 3.5s1.57 3.5 3.5 3.5h170.41c1.93 0 3.5-1.57 3.5-3.5s-1.57-3.5-3.5-3.5z\"><\/path><path d=\"m168.61 301.78h-30.7c-1.93 0-3.5 1.57-3.5 3.5s1.57 3.5 3.5 3.5h30.7c1.93 0 3.5-1.57 3.5-3.5s-1.57-3.5-3.5-3.5z\"><\/path><path d=\"m371.78 301.78h-170.41c-1.93 0-3.5 1.57-3.5 3.5s1.57 3.5 3.5 3.5h170.41c1.93 0 3.5-1.57 3.5-3.5s-1.57-3.5-3.5-3.5z\"><\/path><path d=\"m168.61 351.65h-30.7c-1.93 0-3.5 1.57-3.5 3.5s1.57 3.5 3.5 3.5h30.7c1.93 0 3.5-1.57 3.5-3.5s-1.57-3.5-3.5-3.5z\"><\/path><path d=\"m371.78 351.65h-170.41c-1.93 0-3.5 1.57-3.5 3.5s1.57 3.5 3.5 3.5h170.41c1.93 0 3.5-1.57 3.5-3.5s-1.57-3.5-3.5-3.5z\"><\/path><path d=\"m168.61 401.53h-30.7c-1.93 0-3.5 1.57-3.5 3.5s1.57 3.5 3.5 3.5h30.7c1.93 0 3.5-1.57 3.5-3.5s-1.57-3.5-3.5-3.5z\"><\/path><path d=\"m371.78 401.53h-170.41c-1.93 0-3.5 1.57-3.5 3.5s1.57 3.5 3.5 3.5h170.41c1.93 0 3.5-1.57 3.5-3.5s-1.57-3.5-3.5-3.5z\"><\/path><path d=\"m109.61 103.65h-5.6v17.6h5.05c5.74 0 8.28-2.84 8.28-8.94 0-5.79-2.98-8.66-7.73-8.66z\"><\/path><path d=\"m158.52 103.87h-3.78v40.73h3.7c8.09 0 10.87-6.08 10.87-21.58-.01-13.3-2.48-19.15-10.79-19.15z\"><\/path><path d=\"m251.07 161.82v-75.33c0-3.87-3.13-7-7-7h-166.75c-3.87 0-7 3.13-7 7v75.33c0 3.87 3.13 7 7 7h166.75c3.87 0 7-3.13 7-7zm-140.84-32.27h-6.22v21.5c0 1.1-.9 2-2 2h-6.36c-1.1 0-2-.9-2-2v-53.78c0-1.1.9-2 2-2h15.38c9.55 0 16.7 5.72 16.7 17.19 0 11.16-6.48 17.09-17.5 17.09zm48.32 23.5h-12.25c-1.1 0-2-.9-2-2v-53.78c0-1.1.9-2 2-2h13.05c14.86 0 20.64 9.52 20.64 27.71 0 19.5-5.53 30.07-21.44 30.07zm69.2-50.73c0 1.1-.9 2-2 2h-17.43v14.86h16.29c1.1 0 2 .9 2 2v4.9c0 1.1-.9 2-2 2h-16.29v22.97c0 1.1-.9 2-2 2h-6.29c-1.1 0-2-.9-2-2v-53.78c0-1.1.9-2 2-2h25.72c1.1 0 2 .9 2 2z\"><\/path><path d=\"m57.49 317.54-23.35 11.53c-1.73.86-2.44 2.96-1.59 4.69.61 1.24 1.85 1.95 3.14 1.95.52 0 1.05-.12 1.55-.36l23.35-11.53c1.73-.86 2.44-2.96 1.59-4.69-.86-1.74-2.96-2.45-4.69-1.59z\"><\/path><path d=\"m62.12 238.27-23.37-11.49c-1.74-.85-3.83-.14-4.69 1.6-.85 1.74-.14 3.83 1.6 4.69l23.37 11.49c.5.24 1.02.36 1.54.36 1.29 0 2.54-.72 3.14-1.96.86-1.74.14-3.84-1.59-4.69z\"><\/path><path d=\"m477.86 329.07-23.35-11.53c-1.73-.86-3.83-.15-4.69 1.59-.86 1.73-.15 3.83 1.59 4.69l23.35 11.53c.5.25 1.03.36 1.55.36 1.29 0 2.53-.72 3.14-1.95.85-1.74.14-3.84-1.59-4.69z\"><\/path><path d=\"m452.97 244.55 23.37-11.49c1.73-.85 2.45-2.95 1.6-4.69-.85-1.73-2.95-2.45-4.69-1.6l-23.37 11.49c-1.73.85-2.45 2.95-1.6 4.69.61 1.24 1.85 1.96 3.14 1.96.53 0 1.05-.11 1.55-.36z\"><\/path><\/g><\/svg>\t\t\t\t\t\t<\/span>\n\t\t\t\t\t\t\t\t\t\t<span class=\"elementor-icon-list-text\">CORPORATE SOCIAL RESPONSIBILITY STRATEGY<\/span>\n\t\t\t\t\t\t\t\t\t\t\t<\/a>\n\t\t\t\t\t\t\t\t\t<\/li>\n\t\t\t\t\t\t<\/ul>\n\t\t\t\t\t\t<\/div>\n\t\t\t\t<\/div>\n\t\t\t\t<div class=\"elementor-element elementor-element-6472eae elementor-widget elementor-widget-pxl_divider\" data-id=\"6472eae\" data-element_type=\"widget\" data-widget_type=\"pxl_divider.default\">\n\t\t\t\t<div class=\"elementor-widget-container\">\n\t\t\t\t\t<div class=\"pxl-divider  pxl-particle-right none none\"><\/div>\t\t\t\t<\/div>\n\t\t\t\t<\/div>\n\t\t\t\t\t<\/div>\n\t\t\t\t<\/div>\n\t\t\t\t\t<\/div>\n\t\t\t\t<\/div>\n\t\t\t\t<\/div>\n\t\t","protected":false},"excerpt":{"rendered":"<p>Social SOCIAL The Albanian Power Corporation (KESH sh.a.), the main electricity producer in the country, is and remains committed to the rational and sustainable use of existing resources and the utilization of new and renewable energy sources, while ensuring environmental integrity and protection for the community and future generations in all aspects of its operations. [&hellip;]<\/p>\n","protected":false},"author":1,"featured_media":0,"parent":0,"menu_order":0,"comment_status":"closed","ping_status":"closed","template":"","meta":{"_acf_changed":false,"inline_featured_image":false,"pgc_sgb_lightbox_settings":"","footnotes":""},"class_list":["post-69983","page","type-page","status-publish","hentry"],"acf":[],"yoast_head":"<!-- This site is optimized with the Yoast SEO plugin v27.4 - https:\/\/yoast.com\/product\/yoast-seo-wordpress\/ -->\n<title>Social | KESH<\/title>\n<meta name=\"robots\" content=\"index, follow, max-snippet:-1, max-image-preview:large, max-video-preview:-1\" \/>\n<link rel=\"canonical\" href=\"https:\/\/www.kesh.al\/en\/sociale\/\" \/>\n<meta property=\"og:locale\" content=\"en_US\" \/>\n<meta property=\"og:type\" content=\"article\" \/>\n<meta property=\"og:title\" content=\"Social | KESH\" \/>\n<meta property=\"og:description\" content=\"Social SOCIAL The Albanian Power Corporation (KESH sh.a.), the main electricity producer in the country, is and remains committed to the rational and sustainable use of existing resources and the utilization of new and renewable energy sources, while ensuring environmental integrity and protection for the community and future generations in all aspects of its operations. [&hellip;]\" \/>\n<meta property=\"og:url\" content=\"https:\/\/www.kesh.al\/en\/sociale\/\" \/>\n<meta property=\"og:site_name\" content=\"KESH\" \/>\n<meta property=\"article:publisher\" content=\"https:\/\/www.facebook.com\/Korporata.Elektroenergjitike.Shqiptare\" \/>\n<meta property=\"article:modified_time\" content=\"2025-04-22T09:48:42+00:00\" \/>\n<meta property=\"og:image\" content=\"https:\/\/www.kesh.al\/wp-content\/uploads\/2024\/10\/kesh-news.webp\" \/>\n\t<meta property=\"og:image:width\" content=\"800\" \/>\n\t<meta property=\"og:image:height\" content=\"800\" \/>\n\t<meta property=\"og:image:type\" content=\"image\/webp\" \/>\n<meta name=\"twitter:card\" content=\"summary_large_image\" \/>\n<meta name=\"twitter:label1\" content=\"Est. reading time\" \/>\n\t<meta name=\"twitter:data1\" content=\"3 minutes\" \/>\n<script type=\"application\/ld+json\" class=\"yoast-schema-graph\">{\"@context\":\"https:\\\/\\\/schema.org\",\"@graph\":[{\"@type\":\"WebPage\",\"@id\":\"https:\\\/\\\/www.kesh.al\\\/en\\\/sociale\\\/\",\"url\":\"https:\\\/\\\/www.kesh.al\\\/en\\\/sociale\\\/\",\"name\":\"Social | KESH\",\"isPartOf\":{\"@id\":\"https:\\\/\\\/www.kesh.al\\\/#website\"},\"datePublished\":\"2024-10-29T10:48:48+00:00\",\"dateModified\":\"2025-04-22T09:48:42+00:00\",\"breadcrumb\":{\"@id\":\"https:\\\/\\\/www.kesh.al\\\/en\\\/sociale\\\/#breadcrumb\"},\"inLanguage\":\"en-US\",\"potentialAction\":[{\"@type\":\"ReadAction\",\"target\":[\"https:\\\/\\\/www.kesh.al\\\/en\\\/sociale\\\/\"]}]},{\"@type\":\"BreadcrumbList\",\"@id\":\"https:\\\/\\\/www.kesh.al\\\/en\\\/sociale\\\/#breadcrumb\",\"itemListElement\":[{\"@type\":\"ListItem\",\"position\":1,\"name\":\"Home\",\"item\":\"https:\\\/\\\/www.kesh.al\\\/en\\\/\"},{\"@type\":\"ListItem\",\"position\":2,\"name\":\"Social\"}]},{\"@type\":\"WebSite\",\"@id\":\"https:\\\/\\\/www.kesh.al\\\/#website\",\"url\":\"https:\\\/\\\/www.kesh.al\\\/\",\"name\":\"KESH\",\"description\":\"Korporata Elektroenergjitike Shqiptare\",\"publisher\":{\"@id\":\"https:\\\/\\\/www.kesh.al\\\/#organization\"},\"alternateName\":\"Korporata Elektroenergjitike Shqiptare\",\"potentialAction\":[{\"@type\":\"SearchAction\",\"target\":{\"@type\":\"EntryPoint\",\"urlTemplate\":\"https:\\\/\\\/www.kesh.al\\\/?s={search_term_string}\"},\"query-input\":{\"@type\":\"PropertyValueSpecification\",\"valueRequired\":true,\"valueName\":\"search_term_string\"}}],\"inLanguage\":\"en-US\"},{\"@type\":\"Organization\",\"@id\":\"https:\\\/\\\/www.kesh.al\\\/#organization\",\"name\":\"Korporata Elektroenergjitike Shqiptare\",\"url\":\"https:\\\/\\\/www.kesh.al\\\/\",\"logo\":{\"@type\":\"ImageObject\",\"inLanguage\":\"en-US\",\"@id\":\"https:\\\/\\\/www.kesh.al\\\/#\\\/schema\\\/logo\\\/image\\\/\",\"url\":\"https:\\\/\\\/www.kesh.al\\\/wp-content\\\/uploads\\\/2024\\\/03\\\/Kesh-Logo-Color.svg-23.svg\",\"contentUrl\":\"https:\\\/\\\/www.kesh.al\\\/wp-content\\\/uploads\\\/2024\\\/03\\\/Kesh-Logo-Color.svg-23.svg\",\"width\":2722,\"height\":459,\"caption\":\"Korporata Elektroenergjitike Shqiptare\"},\"image\":{\"@id\":\"https:\\\/\\\/www.kesh.al\\\/#\\\/schema\\\/logo\\\/image\\\/\"},\"sameAs\":[\"https:\\\/\\\/www.facebook.com\\\/Korporata.Elektroenergjitike.Shqiptare\",\"https:\\\/\\\/www.linkedin.com\\\/uas\\\/login?session_redirect=httpswww.linkedin.comcompany94710006adminfeedposts\",\"https:\\\/\\\/www.instagram.com\\\/kesh_sh.a\\\/?igsh=MXZyeGlqend5NWgwYg&utm_source=qr\",\"https:\\\/\\\/www.youtube.com\\\/channel\\\/UCcmB7WcZnV3La0rowWcHTIA\"]}]}<\/script>\n<!-- \/ Yoast SEO plugin. -->","yoast_head_json":{"title":"Social | KESH","robots":{"index":"index","follow":"follow","max-snippet":"max-snippet:-1","max-image-preview":"max-image-preview:large","max-video-preview":"max-video-preview:-1"},"canonical":"https:\/\/www.kesh.al\/en\/sociale\/","og_locale":"en_US","og_type":"article","og_title":"Social | KESH","og_description":"Social SOCIAL The Albanian Power Corporation (KESH sh.a.), the main electricity producer in the country, is and remains committed to the rational and sustainable use of existing resources and the utilization of new and renewable energy sources, while ensuring environmental integrity and protection for the community and future generations in all aspects of its operations. [&hellip;]","og_url":"https:\/\/www.kesh.al\/en\/sociale\/","og_site_name":"KESH","article_publisher":"https:\/\/www.facebook.com\/Korporata.Elektroenergjitike.Shqiptare","article_modified_time":"2025-04-22T09:48:42+00:00","og_image":[{"width":800,"height":800,"url":"https:\/\/www.kesh.al\/wp-content\/uploads\/2024\/10\/kesh-news.webp","type":"image\/webp"}],"twitter_card":"summary_large_image","twitter_misc":{"Est. reading time":"3 minutes"},"schema":{"@context":"https:\/\/schema.org","@graph":[{"@type":"WebPage","@id":"https:\/\/www.kesh.al\/en\/sociale\/","url":"https:\/\/www.kesh.al\/en\/sociale\/","name":"Social | KESH","isPartOf":{"@id":"https:\/\/www.kesh.al\/#website"},"datePublished":"2024-10-29T10:48:48+00:00","dateModified":"2025-04-22T09:48:42+00:00","breadcrumb":{"@id":"https:\/\/www.kesh.al\/en\/sociale\/#breadcrumb"},"inLanguage":"en-US","potentialAction":[{"@type":"ReadAction","target":["https:\/\/www.kesh.al\/en\/sociale\/"]}]},{"@type":"BreadcrumbList","@id":"https:\/\/www.kesh.al\/en\/sociale\/#breadcrumb","itemListElement":[{"@type":"ListItem","position":1,"name":"Home","item":"https:\/\/www.kesh.al\/en\/"},{"@type":"ListItem","position":2,"name":"Social"}]},{"@type":"WebSite","@id":"https:\/\/www.kesh.al\/#website","url":"https:\/\/www.kesh.al\/","name":"KESH","description":"Korporata Elektroenergjitike Shqiptare","publisher":{"@id":"https:\/\/www.kesh.al\/#organization"},"alternateName":"Korporata Elektroenergjitike Shqiptare","potentialAction":[{"@type":"SearchAction","target":{"@type":"EntryPoint","urlTemplate":"https:\/\/www.kesh.al\/?s={search_term_string}"},"query-input":{"@type":"PropertyValueSpecification","valueRequired":true,"valueName":"search_term_string"}}],"inLanguage":"en-US"},{"@type":"Organization","@id":"https:\/\/www.kesh.al\/#organization","name":"Korporata Elektroenergjitike Shqiptare","url":"https:\/\/www.kesh.al\/","logo":{"@type":"ImageObject","inLanguage":"en-US","@id":"https:\/\/www.kesh.al\/#\/schema\/logo\/image\/","url":"https:\/\/www.kesh.al\/wp-content\/uploads\/2024\/03\/Kesh-Logo-Color.svg-23.svg","contentUrl":"https:\/\/www.kesh.al\/wp-content\/uploads\/2024\/03\/Kesh-Logo-Color.svg-23.svg","width":2722,"height":459,"caption":"Korporata Elektroenergjitike Shqiptare"},"image":{"@id":"https:\/\/www.kesh.al\/#\/schema\/logo\/image\/"},"sameAs":["https:\/\/www.facebook.com\/Korporata.Elektroenergjitike.Shqiptare","https:\/\/www.linkedin.com\/uas\/login?session_redirect=httpswww.linkedin.comcompany94710006adminfeedposts","https:\/\/www.instagram.com\/kesh_sh.a\/?igsh=MXZyeGlqend5NWgwYg&utm_source=qr","https:\/\/www.youtube.com\/channel\/UCcmB7WcZnV3La0rowWcHTIA"]}]}},"_links":{"self":[{"href":"https:\/\/www.kesh.al\/en\/wp-json\/wp\/v2\/pages\/69983","targetHints":{"allow":["GET"]}}],"collection":[{"href":"https:\/\/www.kesh.al\/en\/wp-json\/wp\/v2\/pages"}],"about":[{"href":"https:\/\/www.kesh.al\/en\/wp-json\/wp\/v2\/types\/page"}],"author":[{"embeddable":true,"href":"https:\/\/www.kesh.al\/en\/wp-json\/wp\/v2\/users\/1"}],"replies":[{"embeddable":true,"href":"https:\/\/www.kesh.al\/en\/wp-json\/wp\/v2\/comments?post=69983"}],"version-history":[{"count":7,"href":"https:\/\/www.kesh.al\/en\/wp-json\/wp\/v2\/pages\/69983\/revisions"}],"predecessor-version":[{"id":70328,"href":"https:\/\/www.kesh.al\/en\/wp-json\/wp\/v2\/pages\/69983\/revisions\/70328"}],"wp:attachment":[{"href":"https:\/\/www.kesh.al\/en\/wp-json\/wp\/v2\/media?parent=69983"}],"curies":[{"name":"wp","href":"https:\/\/api.w.org\/{rel}","templated":true}]}}